{"id":990,"date":"2023-02-20T16:28:40","date_gmt":"2023-02-20T03:28:40","guid":{"rendered":"http:\/\/anglicanhistories.org\/?page_id=990"},"modified":"2024-05-20T10:58:04","modified_gmt":"2024-05-19T22:58:04","slug":"contact","status":"publish","type":"page","link":"https:\/\/anglicanhistories.org\/tonga\/contact\/","title":{"rendered":"Whakap\u0101 Mai | Contact Us"},"content":{"rendered":"","protected":false},"excerpt":{"rendered":"","protected":false},"author":4,"featured_media":0,"parent":0,"menu_order":10,"comment_status":"closed","ping_status":"closed","template":"","meta":{"_acf_changed":false,"inline_featured_image":false,"footnotes":""},"class_list":["post-990","page","type-page","status-publish","hentry"],"acf":[],"yoast_head":"<!-- This site is optimized with the Yoast SEO plugin v27.3 - https:\/\/yoast.com\/product\/yoast-seo-wordpress\/ -->\n<title>Whakap\u0101 Mai | Contact Us - He Taonga Tuku Iho<\/title>\n<meta name=\"description\" content=\"Our mahi is grounded in m\u0101tauranga M\u0101ori, and our t\u016brangawaewae is at Hoani Tapu\/St John\u2019s Theological College, in T\u0101maki Makaurau Auckland.\" \/>\n<meta name=\"robots\" content=\"index, follow, max-snippet:-1, max-image-preview:large, max-video-preview:-1\" \/>\n<link rel=\"canonical\" href=\"https:\/\/anglicanhistories.org\/tonga\/contact\/\" \/>\n<meta property=\"og:locale\" content=\"en_US\" \/>\n<meta property=\"og:type\" content=\"article\" \/>\n<meta property=\"og:title\" content=\"Whakap\u0101 Mai | Contact Us - He Taonga Tuku Iho\" \/>\n<meta property=\"og:description\" content=\"Our mahi is grounded in m\u0101tauranga M\u0101ori, and our t\u016brangawaewae is at Hoani Tapu\/St John\u2019s Theological College, in T\u0101maki Makaurau Auckland.\" \/>\n<meta property=\"og:url\" content=\"https:\/\/anglicanhistories.org\/tonga\/contact\/\" \/>\n<meta property=\"og:site_name\" content=\"He Taonga Tuku Iho\" \/>\n<meta property=\"article:modified_time\" content=\"2024-05-19T22:58:04+00:00\" \/>\n<meta property=\"og:image\" content=\"https:\/\/anglicanhistories.org\/wp-content\/uploads\/2024\/05\/site-image.jpeg\" \/>\n\t<meta property=\"og:image:width\" content=\"1200\" \/>\n\t<meta property=\"og:image:height\" content=\"675\" \/>\n\t<meta property=\"og:image:type\" content=\"image\/jpeg\" \/>\n<meta name=\"twitter:card\" content=\"summary_large_image\" \/>\n<meta name=\"twitter:label1\" content=\"Est. reading time\" \/>\n\t<meta name=\"twitter:data1\" content=\"1 minute\" \/>\n<script type=\"application\/ld+json\" class=\"yoast-schema-graph\">{\"@context\":\"https:\\\/\\\/schema.org\",\"@graph\":[{\"@type\":\"WebPage\",\"@id\":\"https:\\\/\\\/anglicanhistories.org\\\/contact\\\/\",\"url\":\"https:\\\/\\\/anglicanhistories.org\\\/contact\\\/\",\"name\":\"Whakap\u0101 Mai | Contact Us - He Taonga Tuku Iho\",\"isPartOf\":{\"@id\":\"https:\\\/\\\/anglicanhistories.org\\\/#website\"},\"datePublished\":\"2023-02-20T03:28:40+00:00\",\"dateModified\":\"2024-05-19T22:58:04+00:00\",\"description\":\"Our mahi is grounded in m\u0101tauranga M\u0101ori, and our t\u016brangawaewae is at Hoani Tapu\\\/St John\u2019s Theological College, in T\u0101maki Makaurau Auckland.\",\"breadcrumb\":{\"@id\":\"https:\\\/\\\/anglicanhistories.org\\\/contact\\\/#breadcrumb\"},\"inLanguage\":\"to\",\"potentialAction\":[{\"@type\":\"ReadAction\",\"target\":[\"https:\\\/\\\/anglicanhistories.org\\\/contact\\\/\"]}]},{\"@type\":\"BreadcrumbList\",\"@id\":\"https:\\\/\\\/anglicanhistories.org\\\/contact\\\/#breadcrumb\",\"itemListElement\":[{\"@type\":\"ListItem\",\"position\":1,\"name\":\"Home\",\"item\":\"https:\\\/\\\/anglicanhistories.org\\\/\"},{\"@type\":\"ListItem\",\"position\":2,\"name\":\"Whakap\u0101 Mai | Contact Us\"}]},{\"@type\":\"WebSite\",\"@id\":\"https:\\\/\\\/anglicanhistories.org\\\/#website\",\"url\":\"https:\\\/\\\/anglicanhistories.org\\\/\",\"name\":\"He T\u0101onga Tuku Iho\",\"description\":\"Anglican | Local | Global | Histories\",\"publisher\":{\"@id\":\"https:\\\/\\\/anglicanhistories.org\\\/#organization\"},\"alternateName\":\"Anglican Histories\",\"potentialAction\":[{\"@type\":\"SearchAction\",\"target\":{\"@type\":\"EntryPoint\",\"urlTemplate\":\"https:\\\/\\\/anglicanhistories.org\\\/?s={search_term_string}\"},\"query-input\":{\"@type\":\"PropertyValueSpecification\",\"valueRequired\":true,\"valueName\":\"search_term_string\"}}],\"inLanguage\":\"to\"},{\"@type\":\"Organization\",\"@id\":\"https:\\\/\\\/anglicanhistories.org\\\/#organization\",\"name\":\"He T\u0101onga Tuko Iho\",\"alternateName\":\"Anglican Histories\",\"url\":\"https:\\\/\\\/anglicanhistories.org\\\/\",\"logo\":{\"@type\":\"ImageObject\",\"inLanguage\":\"to\",\"@id\":\"https:\\\/\\\/anglicanhistories.org\\\/#\\\/schema\\\/logo\\\/image\\\/\",\"url\":\"https:\\\/\\\/anglicanhistories.org\\\/wp-content\\\/uploads\\\/2024\\\/05\\\/site-image.jpeg\",\"contentUrl\":\"https:\\\/\\\/anglicanhistories.org\\\/wp-content\\\/uploads\\\/2024\\\/05\\\/site-image.jpeg\",\"width\":1200,\"height\":675,\"caption\":\"He T\u0101onga Tuko Iho\"},\"image\":{\"@id\":\"https:\\\/\\\/anglicanhistories.org\\\/#\\\/schema\\\/logo\\\/image\\\/\"}}]}<\/script>\n<!-- \/ Yoast SEO plugin. -->","yoast_head_json":{"title":"Whakap\u0101 Mai | Contact Us - He Taonga Tuku Iho","description":"Our mahi is grounded in m\u0101tauranga M\u0101ori, and our t\u016brangawaewae is at Hoani Tapu\/St John\u2019s Theological College, in T\u0101maki Makaurau Auckland.","robots":{"index":"index","follow":"follow","max-snippet":"max-snippet:-1","max-image-preview":"max-image-preview:large","max-video-preview":"max-video-preview:-1"},"canonical":"https:\/\/anglicanhistories.org\/tonga\/contact\/","og_locale":"en_US","og_type":"article","og_title":"Whakap\u0101 Mai | Contact Us - He Taonga Tuku Iho","og_description":"Our mahi is grounded in m\u0101tauranga M\u0101ori, and our t\u016brangawaewae is at Hoani Tapu\/St John\u2019s Theological College, in T\u0101maki Makaurau Auckland.","og_url":"https:\/\/anglicanhistories.org\/tonga\/contact\/","og_site_name":"He Taonga Tuku Iho","article_modified_time":"2024-05-19T22:58:04+00:00","og_image":[{"width":1200,"height":675,"url":"https:\/\/anglicanhistories.org\/wp-content\/uploads\/2024\/05\/site-image.jpeg","type":"image\/jpeg"}],"twitter_card":"summary_large_image","twitter_misc":{"Est. reading time":"1 minute"},"schema":{"@context":"https:\/\/schema.org","@graph":[{"@type":"WebPage","@id":"https:\/\/anglicanhistories.org\/contact\/","url":"https:\/\/anglicanhistories.org\/contact\/","name":"Whakap\u0101 Mai | Contact Us - He Taonga Tuku Iho","isPartOf":{"@id":"https:\/\/anglicanhistories.org\/#website"},"datePublished":"2023-02-20T03:28:40+00:00","dateModified":"2024-05-19T22:58:04+00:00","description":"Our mahi is grounded in m\u0101tauranga M\u0101ori, and our t\u016brangawaewae is at Hoani Tapu\/St John\u2019s Theological College, in T\u0101maki Makaurau Auckland.","breadcrumb":{"@id":"https:\/\/anglicanhistories.org\/contact\/#breadcrumb"},"inLanguage":"to","potentialAction":[{"@type":"ReadAction","target":["https:\/\/anglicanhistories.org\/contact\/"]}]},{"@type":"BreadcrumbList","@id":"https:\/\/anglicanhistories.org\/contact\/#breadcrumb","itemListElement":[{"@type":"ListItem","position":1,"name":"Home","item":"https:\/\/anglicanhistories.org\/"},{"@type":"ListItem","position":2,"name":"Whakap\u0101 Mai | Contact Us"}]},{"@type":"WebSite","@id":"https:\/\/anglicanhistories.org\/#website","url":"https:\/\/anglicanhistories.org\/","name":"He T\u0101onga Tuku Iho","description":"Anglican | Local | Global | Histories","publisher":{"@id":"https:\/\/anglicanhistories.org\/#organization"},"alternateName":"Anglican Histories","potentialAction":[{"@type":"SearchAction","target":{"@type":"EntryPoint","urlTemplate":"https:\/\/anglicanhistories.org\/?s={search_term_string}"},"query-input":{"@type":"PropertyValueSpecification","valueRequired":true,"valueName":"search_term_string"}}],"inLanguage":"to"},{"@type":"Organization","@id":"https:\/\/anglicanhistories.org\/#organization","name":"He T\u0101onga Tuko Iho","alternateName":"Anglican Histories","url":"https:\/\/anglicanhistories.org\/","logo":{"@type":"ImageObject","inLanguage":"to","@id":"https:\/\/anglicanhistories.org\/#\/schema\/logo\/image\/","url":"https:\/\/anglicanhistories.org\/wp-content\/uploads\/2024\/05\/site-image.jpeg","contentUrl":"https:\/\/anglicanhistories.org\/wp-content\/uploads\/2024\/05\/site-image.jpeg","width":1200,"height":675,"caption":"He T\u0101onga Tuko Iho"},"image":{"@id":"https:\/\/anglicanhistories.org\/#\/schema\/logo\/image\/"}}]}},"_links":{"self":[{"href":"https:\/\/anglicanhistories.org\/tonga\/wp-json\/wp\/v2\/pages\/990","targetHints":{"allow":["GET"]}}],"collection":[{"href":"https:\/\/anglicanhistories.org\/tonga\/wp-json\/wp\/v2\/pages"}],"about":[{"href":"https:\/\/anglicanhistories.org\/tonga\/wp-json\/wp\/v2\/types\/page"}],"author":[{"embeddable":true,"href":"https:\/\/anglicanhistories.org\/tonga\/wp-json\/wp\/v2\/users\/4"}],"replies":[{"embeddable":true,"href":"https:\/\/anglicanhistories.org\/tonga\/wp-json\/wp\/v2\/comments?post=990"}],"version-history":[{"count":5,"href":"https:\/\/anglicanhistories.org\/tonga\/wp-json\/wp\/v2\/pages\/990\/revisions"}],"predecessor-version":[{"id":3009,"href":"https:\/\/anglicanhistories.org\/tonga\/wp-json\/wp\/v2\/pages\/990\/revisions\/3009"}],"wp:attachment":[{"href":"https:\/\/anglicanhistories.org\/tonga\/wp-json\/wp\/v2\/media?parent=990"}],"curies":[{"name":"wp","href":"https:\/\/api.w.org\/{rel}","templated":true}]}}